{"id":246,"date":"2016-05-31T14:06:18","date_gmt":"2016-05-31T12:06:18","guid":{"rendered":"https:\/\/www.goettlicher-online.de\/en\/impressum-haftungsausschluss\/"},"modified":"2016-06-08T14:55:15","modified_gmt":"2016-06-08T12:55:15","slug":"imprint-disclaimer","status":"publish","type":"page","link":"https:\/\/www.goettlicher-online.de\/en\/imprint-disclaimer\/","title":{"rendered":"Imprint<br \/>Disclaimer"},"content":{"rendered":"<p>[vc_row][vc_column width=&#8221;10\/12&#8243;][vc_column_text]<\/p>\n<h2>Impressum<\/h2>\n<p>G\u00f6ttlicher GmbH &amp; Co. KG<br \/>\nFraurombacher Stra\u00dfe 9<br \/>\nD-36110 Schlitz<\/p>\n<p>Tel: ++49 (0) 66 42 &#8211; 96 13-0<br \/>\nFax: ++49 (0) 66 42 &#8211; 96 13-26<\/p>\n<p>Kommanditgesellschaft, Sitz 36110 Schlitz<br \/>\nAmtsgericht Gie\u00dfen, HRA 2922<br \/>\nUst.-IdNr.: DE 232434672<br \/>\nKomplement\u00e4rin: G\u00f6ttlicher Verwaltung GmbH<br \/>\nAmtsgericht Gie\u00dfen, HRB 5797<br \/>\nGesch\u00e4ftsf\u00fchrung: Daniela Unger<\/p>\n<p>www.goettlicher-online.de<br \/>\ninfo[at]goettlicher-online.de[\/vc_column_text][\/vc_column][\/vc_row][vc_row][vc_column width=&#8221;10\/12&#8243;][vc_column_text]<\/p>\n<h2>Haftungsausschluss<\/h2>\n<p>Die G\u00f6ttlicher GmbH &amp; Co. KG \u00fcbernimmt keine Garantie daf\u00fcr, dass die auf diesen Internet Seiten bereitgestellten Informationen vollst\u00e4ndig, richtig und in jedem Fall aktuell sind. Dies gilt auch f\u00fcr alle Verbindungen (\u201eLinks\u201c), auf die diese Internet-Seiten direkt oder indirekt verweisen.<\/p>\n<p>Trotz sorgf\u00e4ltiger inhaltlicher Kontrolle \u00fcbernehmen wir keine Haftung f\u00fcr die Inhalte externer Links. F\u00fcr den Inhalt der verlinkten Seiten sind ausschlie\u00dflich deren Betreiber verantwortlich.<\/p>\n<p>Die G\u00f6ttlicher GmbH &amp; Co. KG beh\u00e4lt sich das Recht vor, ohne vorherige Ank\u00fcndigung, \u00c4nderungen oder Erg\u00e4nzungen der bereitgestellten Informationen vorzunehmen.<\/p>\n<p>Die Informationen auf diesen Internet Seiten stellen kein Verkaufsangebot dar.<\/p>\n<p>Auf keinen Fall haftet die G\u00f6ttlicher GmbH &amp; Co. KG f\u00fcr konkrete, mittelbare und unmittelbare Sch\u00e4den oder Sch\u00e4den, die durch fehlende Nutzungsm\u00f6glichkeiten, Datenverluste oder entgangene Gewinne &#8211; sei es aufgrund der Nichteinhaltung vertraglicher Verpflichtungen, durch Fahrl\u00e4ssigkeit oder eine andere unerlaubte Handlung &#8211; im Zusammenhang mit der Nutzung von Dokumenten oder Informationen bzw. der Erbringung von Dienstleistungen entstehen, die auf diesen Internet Seiten zug\u00e4nglich sind.[\/vc_column_text][\/vc_column][\/vc_row]<\/p>\n","protected":false},"excerpt":{"rendered":"<p>[vc_row][vc_column width=&#8221;10\/12&#8243;][vc_column_text] Impressum G\u00f6ttlicher GmbH &amp; Co. KG Fraurombacher Stra\u00dfe 9 D-36110 Schlitz Tel: ++49 (0) 66 42 &#8211; 96 13-0 Fax: ++49 (0) 66 42<span class=\"excerpt-hellip\"> [\u2026]<\/span><\/p>\n","protected":false},"author":1,"featured_media":0,"parent":0,"menu_order":0,"comment_status":"closed","ping_status":"closed","template":"","meta":{"footnotes":""},"class_list":["post-246","page","type-page","status-publish","hentry"],"aioseo_notices":[],"_links":{"self":[{"href":"https:\/\/www.goettlicher-online.de\/en\/wp-json\/wp\/v2\/pages\/246","targetHints":{"allow":["GET"]}}],"collection":[{"href":"https:\/\/www.goettlicher-online.de\/en\/wp-json\/wp\/v2\/pages"}],"about":[{"href":"https:\/\/www.goettlicher-online.de\/en\/wp-json\/wp\/v2\/types\/page"}],"author":[{"embeddable":true,"href":"https:\/\/www.goettlicher-online.de\/en\/wp-json\/wp\/v2\/users\/1"}],"replies":[{"embeddable":true,"href":"https:\/\/www.goettlicher-online.de\/en\/wp-json\/wp\/v2\/comments?post=246"}],"version-history":[{"count":1,"href":"https:\/\/www.goettlicher-online.de\/en\/wp-json\/wp\/v2\/pages\/246\/revisions"}],"predecessor-version":[{"id":259,"href":"https:\/\/www.goettlicher-online.de\/en\/wp-json\/wp\/v2\/pages\/246\/revisions\/259"}],"wp:attachment":[{"href":"https:\/\/www.goettlicher-online.de\/en\/wp-json\/wp\/v2\/media?parent=246"}],"curies":[{"name":"wp","href":"https:\/\/api.w.org\/{rel}","templated":true}]}}